{"id":1064,"date":"2021-10-18T11:44:33","date_gmt":"2021-10-18T09:44:33","guid":{"rendered":"https:\/\/www.pragerspitze-leipzig.de\/?page_id=1064"},"modified":"2025-11-20T11:51:05","modified_gmt":"2025-11-20T10:51:05","slug":"gta-2","status":"publish","type":"page","link":"https:\/\/www.jmoosdorf-schule.de\/?page_id=1064","title":{"rendered":"Profilunterricht"},"content":{"rendered":"\t\t<div data-elementor-type=\"wp-page\" data-elementor-id=\"1064\" class=\"elementor elementor-1064\" data-elementor-post-type=\"page\">\n\t\t\t\t\t\t<section class=\"elementor-section elementor-top-section elementor-element elementor-element-71eab60e elementor-section-full_width elementor-section-content-middle elementor-section-height-default elementor-section-height-default\" data-id=\"71eab60e\" data-element_type=\"section\" data-settings=\"{&quot;background_background&quot;:&quot;classic&quot;}\">\n\t\t\t\t\t\t\t<div class=\"elementor-background-overlay\"><\/div>\n\t\t\t\t\t\t\t<div class=\"elementor-container elementor-column-gap-default\">\n\t\t\t\t\t<div class=\"elementor-column elementor-col-100 elementor-top-column elementor-element elementor-element-5222cea2\" data-id=\"5222cea2\" data-element_type=\"column\">\n\t\t\t<div class=\"elementor-widget-wrap elementor-element-populated\">\n\t\t\t\t\t\t<div class=\"elementor-element elementor-element-706f3f0e elementor-widget elementor-widget-heading\" data-id=\"706f3f0e\" data-element_type=\"widget\" data-widget_type=\"heading.default\">\n\t\t\t\t<div class=\"elementor-widget-container\">\n\t\t\t\t\t<h2 class=\"elementor-heading-title elementor-size-large\">Profilunterricht<\/h2>\t\t\t\t<\/div>\n\t\t\t\t<\/div>\n\t\t\t\t\t<\/div>\n\t\t<\/div>\n\t\t\t\t\t<\/div>\n\t\t<\/section>\n\t\t\t\t<section class=\"elementor-section elementor-top-section elementor-element elementor-element-ac752fd elementor-section-boxed elementor-section-height-default elementor-section-height-default\" data-id=\"ac752fd\" data-element_type=\"section\">\n\t\t\t\t\t\t<div class=\"elementor-container elementor-column-gap-default\">\n\t\t\t\t\t<div class=\"elementor-column elementor-col-66 elementor-top-column elementor-element elementor-element-cdcb2b1\" data-id=\"cdcb2b1\" data-element_type=\"column\">\n\t\t\t<div class=\"elementor-widget-wrap elementor-element-populated\">\n\t\t\t\t\t\t<div class=\"elementor-element elementor-element-dd773ce elementor-widget elementor-widget-text-editor\" data-id=\"dd773ce\" data-element_type=\"widget\" data-widget_type=\"text-editor.default\">\n\t\t\t\t<div class=\"elementor-widget-container\">\n\t\t\t\t\t\t\t\t\t<p><strong>K\u00fcnstlerisches Profil &#8211; Was erwartet euch?<\/strong><\/p><p><em>Lust deine Begabungen zu entfalten? Dann los!<\/em><\/p><p>Mit diesem Profil wollen wir Jugendliche ansprechen, die im k\u00fcnstlerischen Bereich begabt sind, egal ob malend, singend, mit eigenen Texten, am Instrument oder der Kamera. Das Profil soll vorrangig die Ausdrucksf\u00e4higkeit der Kinder in Form von Bild, Text oder Musik entwickeln. Es soll die kulturelle Teilhabe jedes Einzelnen f\u00f6rdern und \u00e4sthetische Erfahrungsr\u00e4ume er\u00f6ffnen.<\/p><p><strong>Auge &amp; Ohr<\/strong> sch\u00e4rfen: Im Zentrum stehen auch Besuche von Ausstellungen, Theaterauff\u00fchrungen, Konzerten und vieles mehr, um die Kultur unserer Stadt in ihrer Vielfalt wahrzunehmen.<\/p>\t\t\t\t\t\t\t\t<\/div>\n\t\t\t\t<\/div>\n\t\t\t\t\t<\/div>\n\t\t<\/div>\n\t\t\t\t<div class=\"elementor-column elementor-col-33 elementor-top-column elementor-element elementor-element-b701ce8\" data-id=\"b701ce8\" data-element_type=\"column\">\n\t\t\t<div class=\"elementor-widget-wrap elementor-element-populated\">\n\t\t\t\t\t\t<div class=\"elementor-element elementor-element-965fea1 elementor-widget elementor-widget-heading\" data-id=\"965fea1\" data-element_type=\"widget\" data-widget_type=\"heading.default\">\n\t\t\t\t<div class=\"elementor-widget-container\">\n\t\t\t\t\t<h2 class=\"elementor-heading-title elementor-size-default\">Kultur als kreative Schule\n\n\nK\u00fcnstlerisches Profil<\/h2>\t\t\t\t<\/div>\n\t\t\t\t<\/div>\n\t\t\t\t<div class=\"elementor-element elementor-element-dba5dc7 elementor-widget elementor-widget-image\" data-id=\"dba5dc7\" data-element_type=\"widget\" data-widget_type=\"image.default\">\n\t\t\t\t<div class=\"elementor-widget-container\">\n\t\t\t\t\t\t\t\t\t\t\t\t\t\t\t<img fetchpriority=\"high\" decoding=\"async\" width=\"768\" height=\"379\" src=\"https:\/\/www.jmoosdorf-schule.de\/wp-content\/uploads\/2023\/09\/acoustic-guitar-487035_1280-768x379.jpg\" class=\"attachment-medium_large size-medium_large wp-image-3080\" alt=\"\" srcset=\"https:\/\/www.jmoosdorf-schule.de\/wp-content\/uploads\/2023\/09\/acoustic-guitar-487035_1280-768x379.jpg 768w, https:\/\/www.jmoosdorf-schule.de\/wp-content\/uploads\/2023\/09\/acoustic-guitar-487035_1280-300x148.jpg 300w, https:\/\/www.jmoosdorf-schule.de\/wp-content\/uploads\/2023\/09\/acoustic-guitar-487035_1280-1024x506.jpg 1024w, https:\/\/www.jmoosdorf-schule.de\/wp-content\/uploads\/2023\/09\/acoustic-guitar-487035_1280.jpg 1280w\" sizes=\"(max-width: 768px) 100vw, 768px\" \/>\t\t\t\t\t\t\t\t\t\t\t\t\t\t\t<\/div>\n\t\t\t\t<\/div>\n\t\t\t\t\t<\/div>\n\t\t<\/div>\n\t\t\t\t\t<\/div>\n\t\t<\/section>\n\t\t\t\t<section class=\"elementor-section elementor-top-section elementor-element elementor-element-a5bce45 elementor-section-boxed elementor-section-height-default elementor-section-height-default\" data-id=\"a5bce45\" data-element_type=\"section\">\n\t\t\t\t\t\t<div class=\"elementor-container elementor-column-gap-default\">\n\t\t\t\t\t<div class=\"elementor-column elementor-col-33 elementor-top-column elementor-element elementor-element-4d0726f\" data-id=\"4d0726f\" data-element_type=\"column\">\n\t\t\t<div class=\"elementor-widget-wrap elementor-element-populated\">\n\t\t\t\t\t\t<div class=\"elementor-element elementor-element-202cab1 elementor-widget elementor-widget-heading\" data-id=\"202cab1\" data-element_type=\"widget\" data-widget_type=\"heading.default\">\n\t\t\t\t<div class=\"elementor-widget-container\">\n\t\t\t\t\t<h2 class=\"elementor-heading-title elementor-size-default\">#21stCenturySkills - Kritisch denken, informiert handeln!\n\n\nGesellschaftswissenschaftliches Profil<\/h2>\t\t\t\t<\/div>\n\t\t\t\t<\/div>\n\t\t\t\t<div class=\"elementor-element elementor-element-b6119ec elementor-widget elementor-widget-image\" data-id=\"b6119ec\" data-element_type=\"widget\" data-widget_type=\"image.default\">\n\t\t\t\t<div class=\"elementor-widget-container\">\n\t\t\t\t\t\t\t\t\t\t\t\t\t\t\t<img decoding=\"async\" width=\"1024\" height=\"701\" src=\"https:\/\/www.jmoosdorf-schule.de\/wp-content\/uploads\/2023\/09\/fake-1909821_1280-1024x701.jpg\" class=\"attachment-large size-large wp-image-3079\" alt=\"\" srcset=\"https:\/\/www.jmoosdorf-schule.de\/wp-content\/uploads\/2023\/09\/fake-1909821_1280-1024x701.jpg 1024w, https:\/\/www.jmoosdorf-schule.de\/wp-content\/uploads\/2023\/09\/fake-1909821_1280-300x205.jpg 300w, https:\/\/www.jmoosdorf-schule.de\/wp-content\/uploads\/2023\/09\/fake-1909821_1280-768x526.jpg 768w, https:\/\/www.jmoosdorf-schule.de\/wp-content\/uploads\/2023\/09\/fake-1909821_1280.jpg 1280w\" sizes=\"(max-width: 1024px) 100vw, 1024px\" \/>\t\t\t\t\t\t\t\t\t\t\t\t\t\t\t<\/div>\n\t\t\t\t<\/div>\n\t\t\t\t\t<\/div>\n\t\t<\/div>\n\t\t\t\t<div class=\"elementor-column elementor-col-66 elementor-top-column elementor-element elementor-element-8388027\" data-id=\"8388027\" data-element_type=\"column\">\n\t\t\t<div class=\"elementor-widget-wrap elementor-element-populated\">\n\t\t\t\t\t\t<div class=\"elementor-element elementor-element-1c8d1e4 elementor-widget elementor-widget-text-editor\" data-id=\"1c8d1e4\" data-element_type=\"widget\" data-widget_type=\"text-editor.default\">\n\t\t\t\t<div class=\"elementor-widget-container\">\n\t\t\t\t\t\t\t\t\t<p><strong>Gesellschaftswissenschaftliches Profil &#8211; Was erwartet euch?<\/strong><\/p><p>Im gesellschaftswissenschaftlichen Profil denken wir weiter \u2013 kritisch, vernetzt und zukunftsorientiert. In Verbindung mit Informatik, GRW, Ethik, Geschichte, Geografie und Sprachen setzen wir uns mit aktuellen gesellschaftlichen Fragen auseinander \u2013 jedes Profiljahr unter einer eigenen Leitfrage.\u00a0 An der Schule werden wir aktiv durch die Organisation und Teilnahme an Juniorwahlen, Podiumsdiskussionen oder schulinternen Debatten im Rahmen von <em>Jugend debattiert<\/em>. <\/p><p><strong>Klasse 8:<\/strong> Faktencheck &amp; Medienkompetenz: <br \/><em>Fakt oder Fake?<\/em> Wir lernen, wie man Fake News, Deepfakes und Verschw\u00f6rungstheorien erkennt \u2013 und wie man Informationen kritisch hinterfragt.<br \/><br \/><strong>Klasse 9:<\/strong> Soziales Miteinander &amp; Vielfalt leben:<br \/><em>Wer sind wir? Wie wollen wir zusammenleben?<\/em> Wir reflektieren unsere eigene Position (\u201eCheck your privilege\u201c) und setzen uns im Service Learning aktiv mit den Lebensrealit\u00e4ten anderer Menschen in unserer Nachbarschaft auseinander. <br \/><br \/><strong>Klasse 10: <\/strong>Blick in den europ\u00e4ischen Raum: <br \/><em>Welche Fragen bewegen Europa heute?<\/em> Wir verschaffen uns einen \u00dcberblick \u00fcber aktuelle gesellschaftliche Diskurse, die das Zusammenleben im Europa des 21. Jahrhunderts pr\u00e4gen. Ihr lernt, zu debattieren, Positionen fundiert zu vertreten und anderen zuzuh\u00f6ren. Denn Demokratie sucht Mitstreiter.\u00a0<\/p>\t\t\t\t\t\t\t\t<\/div>\n\t\t\t\t<\/div>\n\t\t\t\t\t<\/div>\n\t\t<\/div>\n\t\t\t\t\t<\/div>\n\t\t<\/section>\n\t\t\t\t<section class=\"elementor-section elementor-top-section elementor-element elementor-element-eff1b63 elementor-section-boxed elementor-section-height-default elementor-section-height-default\" data-id=\"eff1b63\" data-element_type=\"section\">\n\t\t\t\t\t\t<div class=\"elementor-container elementor-column-gap-default\">\n\t\t\t\t\t<div class=\"elementor-column elementor-col-66 elementor-top-column elementor-element elementor-element-26dbfdc\" data-id=\"26dbfdc\" data-element_type=\"column\">\n\t\t\t<div class=\"elementor-widget-wrap elementor-element-populated\">\n\t\t\t\t\t\t<div class=\"elementor-element elementor-element-e55cd7e elementor-widget elementor-widget-text-editor\" data-id=\"e55cd7e\" data-element_type=\"widget\" data-widget_type=\"text-editor.default\">\n\t\t\t\t<div class=\"elementor-widget-container\">\n\t\t\t\t\t\t\t\t\t<p><strong>Sportliches Profil &#8211; Was erwartet euch?<\/strong><\/p><p>Der Schwerpunkt in Klasse 8 wird auf T\u00e4tigkeiten auf und im Wasser liegen mit dem Ziel, die Ausbildung zum <strong>Rettungsschwimmer<\/strong> (DLRG) zu absolvieren. Klasse 9 stellt Wagnis und Kooperation anhand des <strong>Klettersports<\/strong> im Mittelpunkt. In Klasse 10 sollen die <strong>sportmotorischen F\u00e4higkeiten<\/strong> gest\u00e4rkt werden. Es geht um Kraft und Ausdauer, verschiedene Methoden und Techniken (z. B. Bootcamp) sowie sporttheoretische Inhalte. Dar\u00fcber hinaus werden sportethische Fragestellungen u. a. zu Doping und Sch\u00f6nheitsidealen thematisiert. Des Weiteren ist eine Kooperation mit dem Behindertensport in Leipzig geplant.<\/p>\t\t\t\t\t\t\t\t<\/div>\n\t\t\t\t<\/div>\n\t\t\t\t\t<\/div>\n\t\t<\/div>\n\t\t\t\t<div class=\"elementor-column elementor-col-33 elementor-top-column elementor-element elementor-element-21e0e52\" data-id=\"21e0e52\" data-element_type=\"column\">\n\t\t\t<div class=\"elementor-widget-wrap elementor-element-populated\">\n\t\t\t\t\t\t<div class=\"elementor-element elementor-element-ba33a1d elementor-widget elementor-widget-heading\" data-id=\"ba33a1d\" data-element_type=\"widget\" data-widget_type=\"heading.default\">\n\t\t\t\t<div class=\"elementor-widget-container\">\n\t\t\t\t\t<h2 class=\"elementor-heading-title elementor-size-default\">Grenzen erkennen  und \n\u00fcberwinden\n\nSportliches Profil<\/h2>\t\t\t\t<\/div>\n\t\t\t\t<\/div>\n\t\t\t\t<div class=\"elementor-element elementor-element-0ba9f54 elementor-widget elementor-widget-image\" data-id=\"0ba9f54\" data-element_type=\"widget\" data-widget_type=\"image.default\">\n\t\t\t\t<div class=\"elementor-widget-container\">\n\t\t\t\t\t\t\t\t\t\t\t\t\t\t\t<img decoding=\"async\" width=\"1024\" height=\"682\" src=\"https:\/\/www.jmoosdorf-schule.de\/wp-content\/uploads\/2023\/09\/safety-791341_1280-1024x682.jpg\" class=\"attachment-large size-large wp-image-3089\" alt=\"\" srcset=\"https:\/\/www.jmoosdorf-schule.de\/wp-content\/uploads\/2023\/09\/safety-791341_1280-1024x682.jpg 1024w, https:\/\/www.jmoosdorf-schule.de\/wp-content\/uploads\/2023\/09\/safety-791341_1280-300x200.jpg 300w, https:\/\/www.jmoosdorf-schule.de\/wp-content\/uploads\/2023\/09\/safety-791341_1280-768x512.jpg 768w, https:\/\/www.jmoosdorf-schule.de\/wp-content\/uploads\/2023\/09\/safety-791341_1280.jpg 1280w\" sizes=\"(max-width: 1024px) 100vw, 1024px\" \/>\t\t\t\t\t\t\t\t\t\t\t\t\t\t\t<\/div>\n\t\t\t\t<\/div>\n\t\t\t\t\t<\/div>\n\t\t<\/div>\n\t\t\t\t\t<\/div>\n\t\t<\/section>\n\t\t\t\t<\/div>\n\t\t","protected":false},"excerpt":{"rendered":"<p>Profilunterricht K\u00fcnstlerisches Profil &#8211; Was erwartet euch? Lust deine Begabungen zu entfalten? Dann los! Mit diesem Profil wollen wir Jugendliche ansprechen, die im k\u00fcnstlerischen Bereich begabt sind, egal ob malend, singend, mit eigenen Texten, am Instrument oder der Kamera. Das Profil soll vorrangig die Ausdrucksf\u00e4higkeit der Kinder in Form von Bild, Text oder Musik entwickeln. [&hellip;]<\/p>\n","protected":false},"author":3,"featured_media":0,"parent":0,"menu_order":0,"comment_status":"closed","ping_status":"closed","template":"","meta":{"ocean_post_layout":"full-screen","ocean_both_sidebars_style":"","ocean_both_sidebars_content_width":0,"ocean_both_sidebars_sidebars_width":0,"ocean_sidebar":"0","ocean_second_sidebar":"0","ocean_disable_margins":"enable","ocean_add_body_class":"","ocean_shortcode_before_top_bar":"","ocean_shortcode_after_top_bar":"","ocean_shortcode_before_header":"","ocean_shortcode_after_header":"","ocean_has_shortcode":"","ocean_shortcode_after_title":"","ocean_shortcode_before_footer_widgets":"","ocean_shortcode_after_footer_widgets":"","ocean_shortcode_before_footer_bottom":"","ocean_shortcode_after_footer_bottom":"","ocean_display_top_bar":"default","ocean_display_header":"default","ocean_header_style":"","ocean_center_header_left_menu":"0","ocean_custom_header_template":"0","ocean_custom_logo":0,"ocean_custom_retina_logo":0,"ocean_custom_logo_max_width":0,"ocean_custom_logo_tablet_max_width":0,"ocean_custom_logo_mobile_max_width":0,"ocean_custom_logo_max_height":0,"ocean_custom_logo_tablet_max_height":0,"ocean_custom_logo_mobile_max_height":0,"ocean_header_custom_menu":"0","ocean_menu_typo_font_family":"0","ocean_menu_typo_font_subset":"","ocean_menu_typo_font_size":0,"ocean_menu_typo_font_size_tablet":0,"ocean_menu_typo_font_size_mobile":0,"ocean_menu_typo_font_size_unit":"px","ocean_menu_typo_font_weight":"","ocean_menu_typo_font_weight_tablet":"","ocean_menu_typo_font_weight_mobile":"","ocean_menu_typo_transform":"","ocean_menu_typo_transform_tablet":"","ocean_menu_typo_transform_mobile":"","ocean_menu_typo_line_height":0,"ocean_menu_typo_line_height_tablet":0,"ocean_menu_typo_line_height_mobile":0,"ocean_menu_typo_line_height_unit":"","ocean_menu_typo_spacing":0,"ocean_menu_typo_spacing_tablet":0,"ocean_menu_typo_spacing_mobile":0,"ocean_menu_typo_spacing_unit":"","ocean_menu_link_color":"","ocean_menu_link_color_hover":"","ocean_menu_link_color_active":"","ocean_menu_link_background":"","ocean_menu_link_hover_background":"","ocean_menu_link_active_background":"","ocean_menu_social_links_bg":"","ocean_menu_social_hover_links_bg":"","ocean_menu_social_links_color":"","ocean_menu_social_hover_links_color":"","ocean_disable_title":"on","ocean_disable_heading":"default","ocean_post_title":"","ocean_post_subheading":"","ocean_post_title_style":"","ocean_post_title_background_color":"","ocean_post_title_background":0,"ocean_post_title_bg_image_position":"","ocean_post_title_bg_image_attachment":"","ocean_post_title_bg_image_repeat":"","ocean_post_title_bg_image_size":"","ocean_post_title_height":0,"ocean_post_title_bg_overlay":0.5,"ocean_post_title_bg_overlay_color":"","ocean_disable_breadcrumbs":"default","ocean_breadcrumbs_color":"","ocean_breadcrumbs_separator_color":"","ocean_breadcrumbs_links_color":"","ocean_breadcrumbs_links_hover_color":"","ocean_display_footer_widgets":"off","ocean_display_footer_bottom":"off","ocean_custom_footer_template":"0","footnotes":""},"class_list":["post-1064","page","type-page","status-publish","hentry","entry"],"_links":{"self":[{"href":"https:\/\/www.jmoosdorf-schule.de\/index.php?rest_route=\/wp\/v2\/pages\/1064","targetHints":{"allow":["GET"]}}],"collection":[{"href":"https:\/\/www.jmoosdorf-schule.de\/index.php?rest_route=\/wp\/v2\/pages"}],"about":[{"href":"https:\/\/www.jmoosdorf-schule.de\/index.php?rest_route=\/wp\/v2\/types\/page"}],"author":[{"embeddable":true,"href":"https:\/\/www.jmoosdorf-schule.de\/index.php?rest_route=\/wp\/v2\/users\/3"}],"replies":[{"embeddable":true,"href":"https:\/\/www.jmoosdorf-schule.de\/index.php?rest_route=%2Fwp%2Fv2%2Fcomments&post=1064"}],"version-history":[{"count":3,"href":"https:\/\/www.jmoosdorf-schule.de\/index.php?rest_route=\/wp\/v2\/pages\/1064\/revisions"}],"predecessor-version":[{"id":6750,"href":"https:\/\/www.jmoosdorf-schule.de\/index.php?rest_route=\/wp\/v2\/pages\/1064\/revisions\/6750"}],"wp:attachment":[{"href":"https:\/\/www.jmoosdorf-schule.de\/index.php?rest_route=%2Fwp%2Fv2%2Fmedia&parent=1064"}],"curies":[{"name":"wp","href":"https:\/\/api.w.org\/{rel}","templated":true}]}}